{"id":69,"date":"2024-10-21T21:41:42","date_gmt":"2024-10-21T21:41:42","guid":{"rendered":"https:\/\/operaschrattenbach.cz\/2024\/?page_id=69"},"modified":"2024-10-21T21:41:42","modified_gmt":"2024-10-21T21:41:42","slug":"komorni-skladby-frantiska-kobzy","status":"publish","type":"page","link":"https:\/\/operaschrattenbach.cz\/2024\/komorni-skladby-frantiska-kobzy\/","title":{"rendered":"Komorn\u00ed skladby Franti\u0161ka Kobzy"},"content":{"rendered":"\n<h2 class=\"wp-block-heading\"><strong>\u00dater\u00fd 12. 11. \/ 19:00<\/strong><\/h2>\n\n\n\n<h3 class=\"wp-block-heading\">V\u00fdb\u011br z tvorby olomouck\u00e9ho skladatele, violoncellisty, baskytaristy, pedagoga a dirigenta.<\/h3>\n\n\n\n<p>Olomouck\u00e9mu publiku je <strong>Franti\u0161ek Kobza<\/strong> (1956) zn\u00e1m\u00fd orchestr\u00e1ln\u00edmi a sborov\u00fdmi \u00fapravy lidov\u00fdch p\u00edsn\u00ed a koled, ale i p\u016fvodn\u00edmi skladbami, kter\u00e9 prov\u00e1d\u011bl se souborem slo\u017een\u00fdm z jeho \u017e\u00e1k\u016f a koleg\u016f ze ZU\u0160 \u017derot\u00edn. Dlouh\u00e1 l\u00e9ta tak\u00e9 p\u016fsobil jako dirigent Smy\u010dcov\u00e9ho Orchestru ZU\u0160 Uni\u010dov.<\/p>\n\n\n\n<h2 class=\"wp-block-heading\">Program:<\/h2>\n\n\n\n<h3 class=\"wp-block-heading\">Klav\u00edr s\u00f3lo<\/h3>\n\n\n\n<p>1. F. Kobza \u2013 Krasohled (2002)<br>2. F. Kobza \u2013 Rond\u00ed\u010dko (2001)<br>3. F. Kobza \u2013 Wolfi Bohu\u0161 s Nannerl na rynku v Olomouci (1998)<br>4. F. Kobza \u2013 Etuda (Prckavka) (cca 2003)<br>5. F. Kobza \u2013 Polon\u00e9za pro Lucku (2007)<br>6. F. Kobza \u2013 Pro V\u011bru (Pan\u00ed V\u011b\u0159e Kochwasserov\u00e9) (1980)<\/p>\n\n\n\n<h3 class=\"wp-block-heading\">Violoncello a klav\u00edr<\/h3>\n\n\n\n<p>7. F. Kobza \u2013 Andante v Lu\u017e\u00e1nk\u00e1ch (2013, T\u00e9ma 1980)<br>8. F. Kobza \u2013 Na vln\u00e1ch (Mraz\u00edkovy s\u00e1n\u011b) (2008)<\/p>\n\n\n\n<h3 class=\"wp-block-heading\">Klav\u00edr \u010dty\u0159ru\u010dn\u011b<\/h3>\n\n\n\n<p>9. F. Kobza<br>\u2013 Jen se leje (1980)<br>\u2013 Kom\u00e1\u0159i se \u017eenili (2024)<br>\u2013 \u00d3, h\u0159eb\u00ed\u010dku zahradnick\u00fd (2024)<br>\u00a0\u2013 D\u00fa vala\u0161i, d\u00fa (2024)<\/p>\n\n\n\n<h2 class=\"wp-block-heading\">Interpreti<\/h2>\n\n\n\n<p>Martin Smutn\u00fd \u2013 klav\u00edr<br>Monika Ba\u017eantov\u00e1 Vav\u0159\u00edkov\u00e1 \u2013 klav\u00edr<br>Dalibor Pimek \u2013 violoncello<\/p>\n","protected":false},"excerpt":{"rendered":"<p>\u00dater\u00fd 12. 11. \/ 19:00 V\u00fdb\u011br z tvorby olomouck\u00e9ho skladatele, violoncellisty, baskytaristy, pedagoga a dirigenta. Olomouck\u00e9mu publiku je Franti\u0161ek Kobza (1956) zn\u00e1m\u00fd orchestr\u00e1ln\u00edmi a sborov\u00fdmi&hellip;<\/p>\n","protected":false},"author":1,"featured_media":0,"parent":0,"menu_order":0,"comment_status":"closed","ping_status":"closed","template":"","meta":{"footnotes":""},"class_list":["post-69","page","type-page","status-publish","hentry"],"_links":{"self":[{"href":"https:\/\/operaschrattenbach.cz\/2024\/wp-json\/wp\/v2\/pages\/69","targetHints":{"allow":["GET"]}}],"collection":[{"href":"https:\/\/operaschrattenbach.cz\/2024\/wp-json\/wp\/v2\/pages"}],"about":[{"href":"https:\/\/operaschrattenbach.cz\/2024\/wp-json\/wp\/v2\/types\/page"}],"author":[{"embeddable":true,"href":"https:\/\/operaschrattenbach.cz\/2024\/wp-json\/wp\/v2\/users\/1"}],"replies":[{"embeddable":true,"href":"https:\/\/operaschrattenbach.cz\/2024\/wp-json\/wp\/v2\/comments?post=69"}],"version-history":[{"count":2,"href":"https:\/\/operaschrattenbach.cz\/2024\/wp-json\/wp\/v2\/pages\/69\/revisions"}],"predecessor-version":[{"id":71,"href":"https:\/\/operaschrattenbach.cz\/2024\/wp-json\/wp\/v2\/pages\/69\/revisions\/71"}],"wp:attachment":[{"href":"https:\/\/operaschrattenbach.cz\/2024\/wp-json\/wp\/v2\/media?parent=69"}],"curies":[{"name":"wp","href":"https:\/\/api.w.org\/{rel}","templated":true}]}}