{"id":76,"date":"2024-11-08T00:22:57","date_gmt":"2024-11-08T00:22:57","guid":{"rendered":"https:\/\/operaschrattenbach.cz\/2024\/?page_id=76"},"modified":"2024-11-08T00:25:22","modified_gmt":"2024-11-08T00:25:22","slug":"tomas-hanzlik","status":"publish","type":"page","link":"https:\/\/operaschrattenbach.cz\/2024\/tomas-hanzlik\/","title":{"rendered":"Tom\u00e1\u0161 Hanzl\u00edk: Sonata in G, O pern\u00edkov\u00e9 chaloupce, Harlek\u00fdnova dobrodru\u017estv\u00ed"},"content":{"rendered":"\n<p><strong>Olomouc \u2013 kaple Bo\u017e\u00edho T\u011bla \u2013 Um\u011bleck\u00e9 centrum UP<br>pond\u011bl\u00ed 11. listopadu 2024 v&nbsp;19.00<\/strong><\/p>\n\n\n\n<h3 class=\"wp-block-heading\"><strong>Tom\u00e1\u0161 Hanzl\u00edk: Sonata in G <\/strong><br>(pro housle, violoncello a klav\u00edr)<br>1995<\/h3>\n\n\n\n<p><strong>Allegro, Andante, Allegro<\/strong><\/p>\n\n\n\n<p>Trio Unitas: Petra Mat\u011bjov\u00e1 \u2013 klav\u00edr, Jan H\u00e1dek \u2013 housle, Helena Maty\u00e1\u0161ov\u00e1 \u2013 violoncello<\/p>\n\n\n\n<h3 class=\"wp-block-heading\"><strong>Tom\u00e1\u0161 Hanzl\u00edk: O pern\u00edkov\u00e9 chaloupce<\/strong><br>komorn\u00ed opera na text Miroslava Nopa<br>2013<\/h3>\n\n\n\n<p>Maminka: Mark\u00e9ta Israel Ve\u010de\u0159ov\u00e1<br>Tat\u00ednek: Rostislav Bal\u00e1\u017e<br>Ma\u0159enka: Kate\u0159ina Marj\u00e1kov\u00e1&nbsp;<br>Jen\u00ed\u010dek: Nil Pet\u0159ivalsk\u00fd<br>B\u00e1ba: Michaela Dvo\u0159\u00e1kov\u00e1<br>D\u011bdek: Jan Vacul\u00edk<br>Osoba: Krystyna P\u0119ka\u0142a<\/p>\n\n\n\n<p>Martin Smutn\u00fd \u2013 klav\u00edr<\/p>\n\n\n\n<hr class=\"wp-block-separator has-alpha-channel-opacity is-style-wide\"\/>\n\n\n\n<p><em>p\u0159est\u00e1vka<\/em><\/p>\n\n\n\n<hr class=\"wp-block-separator has-alpha-channel-opacity is-style-wide\"\/>\n\n\n\n<h3 class=\"wp-block-heading\"><strong>Tom\u00e1\u0161 Hanzl\u00edk: Harlek\u00fdnova dobrodru\u017estv\u00ed<\/strong><br>(pantomima)<br>2007<\/h3>\n\n\n\n<figure class=\"wp-block-image size-full\"><img loading=\"lazy\" decoding=\"async\" width=\"900\" height=\"627\" src=\"http:\/\/operaschrattenbach.cz\/2024\/wp-content\/uploads\/2024\/11\/Harlekyn02.jpg\" alt=\"\" class=\"wp-image-86\" srcset=\"https:\/\/operaschrattenbach.cz\/2024\/wp-content\/uploads\/2024\/11\/Harlekyn02.jpg 900w, https:\/\/operaschrattenbach.cz\/2024\/wp-content\/uploads\/2024\/11\/Harlekyn02-300x209.jpg 300w, https:\/\/operaschrattenbach.cz\/2024\/wp-content\/uploads\/2024\/11\/Harlekyn02-768x535.jpg 768w\" sizes=\"auto, (max-width: 900px) 100vw, 900px\" \/><figcaption class=\"wp-element-caption\">OLYMPUS DIGITAL CAMERA<\/figcaption><\/figure>\n\n\n\n<p>Ouverture (Harlek\u00fdn us\u00edn\u00e1)<br>Duetto (Sen o kr\u00e1sn\u00e9 Kolomb\u00edn\u011b)<br>Sonata I (Matka I)<br>Ciaccona (Harlek\u00fdn u holi\u010de)<br>Sonata II (Matka II)<br>Rondo (Harlek\u00fdn kucha\u0159em za\u010d\u00e1te\u010dn\u00edkem)<br>Capriccio (Matka III)<br>Folia I (Dottore)<br>Intermezzo (Harlek\u00fdn u krej\u010d\u00edho)<br>Folia II (Harlek\u00fdn jako Dottore)<br>Caccia (P\u0159evlekov\u00e1 sc\u00e9na &#8211; Rva\u010dka &#8211; \u00dat\u011bk)<br>Carambol (Dosti\u017eeni matkou)<br>Sarabande del Ph. J. Rittler (Mat\u010dino po\u017eehn\u00e1n\u00ed)<\/p>\n\n\n\n<p><strong>Divadlo Facka:<br><\/strong>Harlek\u00fdn: Michal Bumb\u00e1lek<br>Kolomb\u00edna: Gabriela \u0160tefanov\u00e1<br>Matka, Dottore, holi\u010d, krej\u010d\u00ed: Sergej San\u017ea<\/p>\n\n\n\n<p>Petra Mat\u011bjov\u00e1 \u2013 klav\u00edr<br>Jan H\u00e1dek \u2013 housle<br>Helena Maty\u00e1\u0161ov\u00e1 \u2013 violoncello<\/p>\n\n\n\n<h4 class=\"wp-block-heading\">Obsah pantomimy:<\/h4>\n\n\n\n<p>Kolomb\u00edna zdeptala Harlek\u00fdna \u00faklidem spole\u010dn\u00e9 dom\u00e1cnosti tak, \u017ee vys\u00edlen\u00edm usnul (Ouverture). Ve snu se ocit\u00e1 na za\u010d\u00e1tku jejich vztahu (Duetto), kdy se j\u00ed teprve dvo\u0159\u00ed. Jejich vz\u00e1jemn\u00e9 l\u00e1sce br\u00e1n\u00ed Kolomb\u00ednina matka, kter\u00e9 chud\u00fd Harlek\u00fdn nen\u00ed dost dobr\u00fd (Sonata I). Harlek\u00fdn se tedy rozhodne d\u00e1t po\u0159\u00e1dn\u011b do gala a&nbsp;vyd\u00e1 se k&nbsp;holi\u010di (Ciaccona). Opil\u00fd holi\u010d Harlek\u00fdna tak z\u0159\u00edd\u00ed, \u017ee ani druh\u00fd pokus o&nbsp;n\u00e1mluvy nen\u00ed \u00fasp\u011b\u0161n\u00fd (Sonata II). Dal\u0161\u00edm n\u00e1padem je kulin\u00e1\u0159sk\u00e9 um\u011bn\u00ed (Rondo), ale ani jako virtu\u00f3zn\u00ed kucha\u0159 se matce nezal\u00edb\u00ed (Capriccio). Za Kolomb\u00ednou toti\u017e doch\u00e1z\u00ed star\u00fd, ale bohat\u00fd Dottore (Folia I). Kdy\u017e to Harlek\u00fdn zjist\u00ed, ut\u00edk\u00e1 ke krej\u010d\u00edmu, kde si nech\u00e1 u\u0161\u00edt Dottoreho kost\u00fdm (Intermezzo). V&nbsp;n\u011bm se pak bez probl\u00e9m\u016f vet\u0159e do rodiny Kolomb\u00edny (Folia II). Matka nech\u00e1v\u00e1 d\u011bti o&nbsp;samot\u011b a&nbsp;vyr\u00e1\u017e\u00ed na n\u00e1kupy. Kolomb\u00edna nejprve odm\u00edt\u00e1 Dottoreho, ale kdy\u017e pozn\u00e1v\u00e1 sv\u00e9ho mil\u00e9ho, padnou si do n\u00e1ru\u010de. Na dve\u0159e v\u0161ak tlu\u010de prav\u00fd Dottore. Harlek\u00fdn se p\u0159evl\u00e9kne za Kolomb\u00ednu a&nbsp;hraje s&nbsp;d\u011bdkem milostn\u00e9 divadlo, p\u0159i kter\u00e9m ho okrade. Nakonec d\u00e1 Harlek\u00fdn Dottoremu po\u0159\u00e1dnou nakl\u00e1da\u010dku a&nbsp;Kolomb\u00edn\u011b navrhne spole\u010dn\u00fd \u00fat\u011bk (Caccia). Cestu jim v\u0161ak zastoup\u00ed matka (Carambol). Harlek\u00fdn si jej\u00ed p\u0159\u00edze\u0148 koup\u00ed Dottoreho m\u011b\u0161ci (Sarabande).<\/p>\n\n\n\n<p>Harlek\u00fdna probouz\u00ed ze sladk\u00e9ho sn\u011bn\u00ed milovan\u00e1 Kolomb\u00edna. Jak se ale dnes po letech podob\u00e1 sv\u00e9 matce?<\/p>\n","protected":false},"excerpt":{"rendered":"<p>Olomouc \u2013 kaple Bo\u017e\u00edho T\u011bla \u2013 Um\u011bleck\u00e9 centrum UPpond\u011bl\u00ed 11. listopadu 2024 v&nbsp;19.00 Tom\u00e1\u0161 Hanzl\u00edk: Sonata in G (pro housle, violoncello a klav\u00edr)1995 Allegro, Andante,&hellip;<\/p>\n","protected":false},"author":1,"featured_media":0,"parent":0,"menu_order":0,"comment_status":"closed","ping_status":"closed","template":"","meta":{"footnotes":""},"class_list":["post-76","page","type-page","status-publish","hentry"],"_links":{"self":[{"href":"https:\/\/operaschrattenbach.cz\/2024\/wp-json\/wp\/v2\/pages\/76","targetHints":{"allow":["GET"]}}],"collection":[{"href":"https:\/\/operaschrattenbach.cz\/2024\/wp-json\/wp\/v2\/pages"}],"about":[{"href":"https:\/\/operaschrattenbach.cz\/2024\/wp-json\/wp\/v2\/types\/page"}],"author":[{"embeddable":true,"href":"https:\/\/operaschrattenbach.cz\/2024\/wp-json\/wp\/v2\/users\/1"}],"replies":[{"embeddable":true,"href":"https:\/\/operaschrattenbach.cz\/2024\/wp-json\/wp\/v2\/comments?post=76"}],"version-history":[{"count":6,"href":"https:\/\/operaschrattenbach.cz\/2024\/wp-json\/wp\/v2\/pages\/76\/revisions"}],"predecessor-version":[{"id":87,"href":"https:\/\/operaschrattenbach.cz\/2024\/wp-json\/wp\/v2\/pages\/76\/revisions\/87"}],"wp:attachment":[{"href":"https:\/\/operaschrattenbach.cz\/2024\/wp-json\/wp\/v2\/media?parent=76"}],"curies":[{"name":"wp","href":"https:\/\/api.w.org\/{rel}","templated":true}]}}