{"id":90,"date":"2024-11-08T00:49:38","date_gmt":"2024-11-08T00:49:38","guid":{"rendered":"https:\/\/operaschrattenbach.cz\/2024\/?page_id=90"},"modified":"2024-11-08T00:49:38","modified_gmt":"2024-11-08T00:49:38","slug":"lecive-nastroje-mysticky-duet-hudba-ktera-se-dotyka-duse","status":"publish","type":"page","link":"https:\/\/operaschrattenbach.cz\/2024\/lecive-nastroje-mysticky-duet-hudba-ktera-se-dotyka-duse\/","title":{"rendered":"L\u00e9\u010div\u00e9 n\u00e1stroje: Mystick\u00fd Duet \u2013 hudba, kter\u00e1 se dot\u00fdk\u00e1 du\u0161e"},"content":{"rendered":"\n<p>Dovolte, abychom v\u00e1s prost\u0159ednictv\u00edm n\u00e1sleduj\u00edc\u00edch kr\u00e1tk\u00fdch vide\u00ed pozvali na koncert Mystical Duet:<\/p>\n\n\n\n<figure class=\"wp-block-embed is-type-video is-provider-youtube wp-block-embed-youtube wp-embed-aspect-16-9 wp-has-aspect-ratio\"><div class=\"wp-block-embed__wrapper\">\n<iframe loading=\"lazy\" title=\"Olomouc 1\" width=\"843\" height=\"474\" src=\"https:\/\/www.youtube.com\/embed\/AhY7TDkPZ5Q?feature=oembed\" frameborder=\"0\" allow=\"accelerometer; autoplay; clipboard-write; encrypted-media; gyroscope; picture-in-picture; web-share\" referrerpolicy=\"strict-origin-when-cross-origin\" allowfullscreen><\/iframe>\n<\/div><\/figure>\n\n\n\n<figure class=\"wp-block-embed is-type-video is-provider-youtube wp-block-embed-youtube wp-embed-aspect-16-9 wp-has-aspect-ratio\"><div class=\"wp-block-embed__wrapper\">\n<iframe loading=\"lazy\" title=\"Olomouc 2\" width=\"843\" height=\"474\" src=\"https:\/\/www.youtube.com\/embed\/2p2xBjShatU?feature=oembed\" frameborder=\"0\" allow=\"accelerometer; autoplay; clipboard-write; encrypted-media; gyroscope; picture-in-picture; web-share\" referrerpolicy=\"strict-origin-when-cross-origin\" allowfullscreen><\/iframe>\n<\/div><\/figure>\n\n\n\n<figure class=\"wp-block-embed is-type-video is-provider-youtube wp-block-embed-youtube wp-embed-aspect-16-9 wp-has-aspect-ratio\"><div class=\"wp-block-embed__wrapper\">\n<iframe loading=\"lazy\" title=\"CHINA: Our Music Journey 2024\" width=\"843\" height=\"474\" src=\"https:\/\/www.youtube.com\/embed\/dUC9YG2CKg8?feature=oembed\" frameborder=\"0\" allow=\"accelerometer; autoplay; clipboard-write; encrypted-media; gyroscope; picture-in-picture; web-share\" referrerpolicy=\"strict-origin-when-cross-origin\" allowfullscreen><\/iframe>\n<\/div><\/figure>\n","protected":false},"excerpt":{"rendered":"<p>Dovolte, abychom v\u00e1s prost\u0159ednictv\u00edm n\u00e1sleduj\u00edc\u00edch kr\u00e1tk\u00fdch vide\u00ed pozvali na koncert Mystical Duet:<\/p>\n","protected":false},"author":1,"featured_media":0,"parent":0,"menu_order":0,"comment_status":"closed","ping_status":"closed","template":"","meta":{"footnotes":""},"class_list":["post-90","page","type-page","status-publish","hentry"],"_links":{"self":[{"href":"https:\/\/operaschrattenbach.cz\/2024\/wp-json\/wp\/v2\/pages\/90","targetHints":{"allow":["GET"]}}],"collection":[{"href":"https:\/\/operaschrattenbach.cz\/2024\/wp-json\/wp\/v2\/pages"}],"about":[{"href":"https:\/\/operaschrattenbach.cz\/2024\/wp-json\/wp\/v2\/types\/page"}],"author":[{"embeddable":true,"href":"https:\/\/operaschrattenbach.cz\/2024\/wp-json\/wp\/v2\/users\/1"}],"replies":[{"embeddable":true,"href":"https:\/\/operaschrattenbach.cz\/2024\/wp-json\/wp\/v2\/comments?post=90"}],"version-history":[{"count":1,"href":"https:\/\/operaschrattenbach.cz\/2024\/wp-json\/wp\/v2\/pages\/90\/revisions"}],"predecessor-version":[{"id":91,"href":"https:\/\/operaschrattenbach.cz\/2024\/wp-json\/wp\/v2\/pages\/90\/revisions\/91"}],"wp:attachment":[{"href":"https:\/\/operaschrattenbach.cz\/2024\/wp-json\/wp\/v2\/media?parent=90"}],"curies":[{"name":"wp","href":"https:\/\/api.w.org\/{rel}","templated":true}]}}